{"id":17,"date":"2022-10-21T15:02:36","date_gmt":"2022-10-21T14:02:36","guid":{"rendered":"https:\/\/www.joyaneuchatel.ch\/?page_id=17"},"modified":"2023-03-11T14:57:08","modified_gmt":"2023-03-11T13:57:08","slug":"contact","status":"publish","type":"page","link":"https:\/\/www.joyaneuchatel.ch\/index.php\/contact\/","title":{"rendered":"Comment nous soutenir ?"},"content":{"rendered":"\n<div class=\"wp-block-media-text alignwide is-stacked-on-mobile\" style=\"grid-template-columns:33% auto\"><figure class=\"wp-block-media-text__media\"><img loading=\"lazy\" decoding=\"async\" width=\"1024\" height=\"1024\" src=\"https:\/\/www.joyaneuchatel.ch\/wp-content\/uploads\/2022\/10\/Sans-titre-1024x1024.jpg\" alt=\"\" class=\"wp-image-116 size-full\" srcset=\"https:\/\/www.joyaneuchatel.ch\/wp-content\/uploads\/2022\/10\/Sans-titre-1024x1024.jpg 1024w, https:\/\/www.joyaneuchatel.ch\/wp-content\/uploads\/2022\/10\/Sans-titre-300x300.jpg 300w, https:\/\/www.joyaneuchatel.ch\/wp-content\/uploads\/2022\/10\/Sans-titre-150x150.jpg 150w, https:\/\/www.joyaneuchatel.ch\/wp-content\/uploads\/2022\/10\/Sans-titre-768x768.jpg 768w, https:\/\/www.joyaneuchatel.ch\/wp-content\/uploads\/2022\/10\/Sans-titre.jpg 1080w\" sizes=\"auto, (max-width: 1024px) 100vw, 1024px\" \/><\/figure><div class=\"wp-block-media-text__content\">\n<p class=\"has-large-font-size\">Par la pri\u00e8re<\/p>\n\n\n\n<p>Notre minist\u00e8re n&rsquo;existerait pas sans pri\u00e8res. Si tu as aussi \u00e0 c\u0153ur ces personnes, avec plaisir si tu peux les mettre dans tes pri\u00e8res. Cela a tellement de valeur. Si tu es int\u00e9ress\u00e9.e par les nouvelles de nos visites et des sujets de pri\u00e8re sp\u00e9cifiques, tu peux nous \u00e9crire pour recevoir la lettre de nouvelles par email.<\/p>\n<\/div><\/div>\n\n\n\n<div class=\"wp-block-columns is-layout-flex wp-container-core-columns-is-layout-9d6595d7 wp-block-columns-is-layout-flex\">\n<div class=\"wp-block-column is-layout-flow wp-block-column-is-layout-flow\" style=\"flex-basis:100%\">\n<div class=\"wp-block-media-text alignwide is-stacked-on-mobile\" style=\"grid-template-columns:33% auto\"><figure class=\"wp-block-media-text__media\"><img loading=\"lazy\" decoding=\"async\" width=\"1024\" height=\"1024\" src=\"https:\/\/www.joyaneuchatel.ch\/wp-content\/uploads\/2022\/10\/Sans-titre1-1024x1024.jpg\" alt=\"\" class=\"wp-image-119 size-full\" srcset=\"https:\/\/www.joyaneuchatel.ch\/wp-content\/uploads\/2022\/10\/Sans-titre1-1024x1024.jpg 1024w, https:\/\/www.joyaneuchatel.ch\/wp-content\/uploads\/2022\/10\/Sans-titre1-300x300.jpg 300w, https:\/\/www.joyaneuchatel.ch\/wp-content\/uploads\/2022\/10\/Sans-titre1-150x150.jpg 150w, https:\/\/www.joyaneuchatel.ch\/wp-content\/uploads\/2022\/10\/Sans-titre1-768x768.jpg 768w, https:\/\/www.joyaneuchatel.ch\/wp-content\/uploads\/2022\/10\/Sans-titre1.jpg 1080w\" sizes=\"auto, (max-width: 1024px) 100vw, 1024px\" \/><\/figure><div class=\"wp-block-media-text__content\">\n<p class=\"has-large-font-size\">\u00c9crire, traduire des textes<\/p>\n\n\n\n<p>Nous sommes toujours \u00e0 la recherche de nouveaux textes (ou autres id\u00e9es) et de traducteurs. Si cela t&rsquo;int\u00e9resse, n&rsquo;h\u00e9site pas \u00e0 nous contacter. <\/p>\n<\/div><\/div>\n\n\n\n<div class=\"wp-block-media-text alignwide is-stacked-on-mobile\" style=\"grid-template-columns:33% auto\"><figure class=\"wp-block-media-text__media\"><img loading=\"lazy\" decoding=\"async\" width=\"1024\" height=\"1024\" src=\"https:\/\/www.joyaneuchatel.ch\/wp-content\/uploads\/2022\/10\/Sans-titre-1024x1024.png\" alt=\"\" class=\"wp-image-121 size-full\" srcset=\"https:\/\/www.joyaneuchatel.ch\/wp-content\/uploads\/2022\/10\/Sans-titre-1024x1024.png 1024w, https:\/\/www.joyaneuchatel.ch\/wp-content\/uploads\/2022\/10\/Sans-titre-300x300.png 300w, https:\/\/www.joyaneuchatel.ch\/wp-content\/uploads\/2022\/10\/Sans-titre-150x150.png 150w, https:\/\/www.joyaneuchatel.ch\/wp-content\/uploads\/2022\/10\/Sans-titre-768x768.png 768w, https:\/\/www.joyaneuchatel.ch\/wp-content\/uploads\/2022\/10\/Sans-titre.png 1080w\" sizes=\"auto, (max-width: 1024px) 100vw, 1024px\" \/><\/figure><div class=\"wp-block-media-text__content\">\n<p class=\"has-large-font-size\">Id\u00e9es de cadeaux \u00e0 offrir<\/p>\n\n\n\n<p>Puisque nous offrons des cadeaux \u00e0 ces personnes \u00e0 chaque visite, nous sommes toujours ouverts \u00e0 diff\u00e9rentes id\u00e9es. Si tu veux aussi faire un cadeau particulier, n&rsquo;h\u00e9site pas \u00e0 nous contacter et \u00e0 partager ta cr\u00e9ativit\u00e9!<\/p>\n<\/div><\/div>\n\n\n\n<div class=\"wp-block-media-text alignwide is-stacked-on-mobile\" style=\"grid-template-columns:33% auto\"><figure class=\"wp-block-media-text__media\"><img loading=\"lazy\" decoding=\"async\" width=\"1024\" height=\"1024\" src=\"https:\/\/www.joyaneuchatel.ch\/wp-content\/uploads\/2022\/11\/Sans-titre-1024x1024.jpg\" alt=\"\" class=\"wp-image-146 size-full\" srcset=\"https:\/\/www.joyaneuchatel.ch\/wp-content\/uploads\/2022\/11\/Sans-titre-1024x1024.jpg 1024w, https:\/\/www.joyaneuchatel.ch\/wp-content\/uploads\/2022\/11\/Sans-titre-300x300.jpg 300w, https:\/\/www.joyaneuchatel.ch\/wp-content\/uploads\/2022\/11\/Sans-titre-150x150.jpg 150w, https:\/\/www.joyaneuchatel.ch\/wp-content\/uploads\/2022\/11\/Sans-titre-768x768.jpg 768w, https:\/\/www.joyaneuchatel.ch\/wp-content\/uploads\/2022\/11\/Sans-titre.jpg 1080w\" sizes=\"auto, (max-width: 1024px) 100vw, 1024px\" \/><\/figure><div class=\"wp-block-media-text__content\">\n<p class=\"has-large-font-size\">Envie de nous rejoindre? <\/p>\n\n\n\n<p>Nous sommes ouverts \u00e0 accueillir de nouvelles personnes au sein de Joya. Si ce minist\u00e8re t&rsquo;int\u00e9resse, n&rsquo;h\u00e9site pas \u00e0 prendre contact avec nous (Le Locle ou Neuch\u00e2tel). <\/p>\n<\/div><\/div>\n\n\n\n<div class=\"wp-block-media-text alignwide is-stacked-on-mobile\" style=\"grid-template-columns:32% auto\"><figure class=\"wp-block-media-text__media\"><img loading=\"lazy\" decoding=\"async\" width=\"1024\" height=\"1024\" src=\"https:\/\/www.joyaneuchatel.ch\/wp-content\/uploads\/2022\/10\/money-don-1024x1024.jpg\" alt=\"\" class=\"wp-image-123 size-full\" srcset=\"https:\/\/www.joyaneuchatel.ch\/wp-content\/uploads\/2022\/10\/money-don-1024x1024.jpg 1024w, https:\/\/www.joyaneuchatel.ch\/wp-content\/uploads\/2022\/10\/money-don-300x300.jpg 300w, https:\/\/www.joyaneuchatel.ch\/wp-content\/uploads\/2022\/10\/money-don-150x150.jpg 150w, https:\/\/www.joyaneuchatel.ch\/wp-content\/uploads\/2022\/10\/money-don-768x768.jpg 768w, https:\/\/www.joyaneuchatel.ch\/wp-content\/uploads\/2022\/10\/money-don.jpg 1080w\" sizes=\"auto, (max-width: 1024px) 100vw, 1024px\" \/><\/figure><div class=\"wp-block-media-text__content\">\n<p class=\"has-large-font-size\">Faire un don <\/p>\n\n\n\n<p>Tu peux aussi nous soutenir en faisant un don \u00e0 Joya :<\/p>\n\n\n\n<div class=\"wp-block-group\"><div class=\"wp-block-group__inner-container is-layout-flow wp-block-group-is-layout-flow\">\n<div class=\"wp-block-group\"><div class=\"wp-block-group__inner-container is-layout-flow wp-block-group-is-layout-flow\">\n<ul class=\"wp-block-list\"><li>CH59 0076 6000 1038 6215 7<\/li><li>Association Joya<\/li><li>2000 Neuch\u00e2tel<\/li><\/ul>\n\n\n\n<p><\/p>\n<\/div><\/div>\n<\/div><\/div>\n<\/div><\/div>\n<\/div>\n<\/div>\n\n\n\n<p class=\"has-text-align-right\"><strong>Merci, parce que Joya ne serait pas pareil sans ton soutien !<\/strong><\/p>\n\n\n\n<p><\/p>\n","protected":false},"excerpt":{"rendered":"<p>Par la pri\u00e8re Notre minist\u00e8re n&rsquo;existerait pas sans pri\u00e8res. Si tu as aussi \u00e0 c\u0153ur ces personnes, avec plaisir si tu peux les mettre dans tes pri\u00e8res. Cela a tellement de valeur. Si tu es int\u00e9ress\u00e9.e par les nouvelles de nos visites et des sujets de pri\u00e8re sp\u00e9cifiques, tu peux [&hellip;]<\/p>\n","protected":false},"author":1,"featured_media":0,"parent":0,"menu_order":0,"comment_status":"closed","ping_status":"closed","template":"","meta":{"footnotes":""},"class_list":["post-17","page","type-page","status-publish","hentry"],"_links":{"self":[{"href":"https:\/\/www.joyaneuchatel.ch\/index.php\/wp-json\/wp\/v2\/pages\/17","targetHints":{"allow":["GET"]}}],"collection":[{"href":"https:\/\/www.joyaneuchatel.ch\/index.php\/wp-json\/wp\/v2\/pages"}],"about":[{"href":"https:\/\/www.joyaneuchatel.ch\/index.php\/wp-json\/wp\/v2\/types\/page"}],"author":[{"embeddable":true,"href":"https:\/\/www.joyaneuchatel.ch\/index.php\/wp-json\/wp\/v2\/users\/1"}],"replies":[{"embeddable":true,"href":"https:\/\/www.joyaneuchatel.ch\/index.php\/wp-json\/wp\/v2\/comments?post=17"}],"version-history":[{"count":19,"href":"https:\/\/www.joyaneuchatel.ch\/index.php\/wp-json\/wp\/v2\/pages\/17\/revisions"}],"predecessor-version":[{"id":184,"href":"https:\/\/www.joyaneuchatel.ch\/index.php\/wp-json\/wp\/v2\/pages\/17\/revisions\/184"}],"wp:attachment":[{"href":"https:\/\/www.joyaneuchatel.ch\/index.php\/wp-json\/wp\/v2\/media?parent=17"}],"curies":[{"name":"wp","href":"https:\/\/api.w.org\/{rel}","templated":true}]}}