{"id":15,"date":"2022-10-21T15:02:36","date_gmt":"2022-10-21T14:02:36","guid":{"rendered":"https:\/\/www.joyaneuchatel.ch\/?page_id=15"},"modified":"2023-06-20T17:40:33","modified_gmt":"2023-06-20T16:40:33","slug":"creez-votre-site-avec-des-blocs","status":"publish","type":"page","link":"https:\/\/www.joyaneuchatel.ch\/","title":{"rendered":""},"content":{"rendered":"\n<h1 class=\"wp-block-heading\">Joya, les joyaux de Dieu<\/h1>\n\n\n\n<p><\/p>\n\n\n\n<h4 class=\"alignwide has-text-align-left has-text-align-wide has-white-color has-text-color wp-block-heading\" style=\"line-height:1.1\">Depuis 2015, notre association visite les salons de prostitution dans le canton de Neuch\u00e2tel. <\/h4>\n\n\n\n<h4 class=\"alignwide has-text-align-left has-text-align-wide has-white-color has-black-background-color has-text-color has-background wp-block-heading\" style=\"line-height:1.1\">Ces visites nous tiennent vraiment \u00e0 c\u0153ur, car nous avons la conviction que ces personnes sont des joyaux pour Dieu. Nous sommes convaincus que si nous existons, ce n&rsquo;est pas le fruit du hasard. Au contraire, depuis notre premier jour sur cette terre, Dieu nous a cr\u00e9\u00e9s et voulus. Il nous aime, et cela peu importe les circonstances de la vie. Et c&rsquo;est ce message d&rsquo;amour que nous voulons transmettre au travers de Joya.<\/h4>\n\n\n\n<div class=\"wp-block-columns alignwide are-vertically-aligned-center is-style-twentytwentyone-columns-overlap is-layout-flex wp-container-core-columns-is-layout-9d6595d7 wp-block-columns-is-layout-flex\">\n<div class=\"wp-block-column is-vertically-aligned-center is-layout-flow wp-block-column-is-layout-flow\">\n<p><\/p>\n<\/div>\n<\/div>\n\n\n\n<div style=\"height:50px\" aria-hidden=\"true\" class=\"wp-block-spacer\"><\/div>\n\n\n\n<div class=\"wp-block-columns alignwide are-vertically-aligned-top is-layout-flex wp-container-core-columns-is-layout-9d6595d7 wp-block-columns-is-layout-flex\">\n<div class=\"wp-block-column is-vertically-aligned-top is-layout-flow wp-block-column-is-layout-flow\">\n<h3 class=\"wp-block-heading\">Notre vision :<\/h3>\n\n\n\n<p>Apporter de l\u2019amour et de l\u2019espoir aux personnes en situation de prostitution et aux victimes de la traite humaine en leur t\u00e9moignant de notre foi chr\u00e9tienne en J\u00e9sus-Christ, en leur proposant notre aide et amiti\u00e9.<\/p>\n<\/div>\n\n\n\n<div class=\"wp-block-column is-vertically-aligned-top is-layout-flow wp-block-column-is-layout-flow\"><\/div>\n\n\n\n<div class=\"wp-block-column is-vertically-aligned-top is-layout-flow wp-block-column-is-layout-flow\">\n<h3 class=\"wp-block-heading\">Nos valeurs : <\/h3>\n\n\n\n<div class=\"wp-block-group\"><div class=\"wp-block-group__inner-container is-layout-flow wp-block-group-is-layout-flow\">\n<p style=\"font-size:15px\">Partager l&rsquo;amour de J\u00e9sus-Christ<\/p>\n\n\n\n<p style=\"font-size:15px\">Le non-jugement<\/p>\n\n\n\n<p style=\"font-size:15px\">L&rsquo;\u00e9coute<\/p>\n\n\n\n<p style=\"font-size:15px\">Le soutien<\/p>\n\n\n\n<p style=\"font-size:15px\">La pri\u00e8re<\/p>\n<\/div><\/div>\n<\/div>\n<\/div>\n\n\n\n<div style=\"height:100px\" aria-hidden=\"true\" class=\"wp-block-spacer\"><\/div>\n","protected":false},"excerpt":{"rendered":"<p>Joya, les joyaux de Dieu Depuis 2015, notre association visite les salons de prostitution dans le canton de Neuch\u00e2tel. Ces visites nous tiennent vraiment \u00e0 c\u0153ur, car nous avons la conviction que ces personnes sont des joyaux pour Dieu. Nous sommes convaincus que si nous existons, ce n&rsquo;est pas le [&hellip;]<\/p>\n","protected":false},"author":1,"featured_media":55,"parent":0,"menu_order":0,"comment_status":"closed","ping_status":"closed","template":"","meta":{"footnotes":""},"class_list":["post-15","page","type-page","status-publish","has-post-thumbnail","hentry"],"_links":{"self":[{"href":"https:\/\/www.joyaneuchatel.ch\/index.php\/wp-json\/wp\/v2\/pages\/15","targetHints":{"allow":["GET"]}}],"collection":[{"href":"https:\/\/www.joyaneuchatel.ch\/index.php\/wp-json\/wp\/v2\/pages"}],"about":[{"href":"https:\/\/www.joyaneuchatel.ch\/index.php\/wp-json\/wp\/v2\/types\/page"}],"author":[{"embeddable":true,"href":"https:\/\/www.joyaneuchatel.ch\/index.php\/wp-json\/wp\/v2\/users\/1"}],"replies":[{"embeddable":true,"href":"https:\/\/www.joyaneuchatel.ch\/index.php\/wp-json\/wp\/v2\/comments?post=15"}],"version-history":[{"count":10,"href":"https:\/\/www.joyaneuchatel.ch\/index.php\/wp-json\/wp\/v2\/pages\/15\/revisions"}],"predecessor-version":[{"id":186,"href":"https:\/\/www.joyaneuchatel.ch\/index.php\/wp-json\/wp\/v2\/pages\/15\/revisions\/186"}],"wp:featuredmedia":[{"embeddable":true,"href":"https:\/\/www.joyaneuchatel.ch\/index.php\/wp-json\/wp\/v2\/media\/55"}],"wp:attachment":[{"href":"https:\/\/www.joyaneuchatel.ch\/index.php\/wp-json\/wp\/v2\/media?parent=15"}],"curies":[{"name":"wp","href":"https:\/\/api.w.org\/{rel}","templated":true}]}}